{"id":3863,"date":"2026-04-18T16:01:08","date_gmt":"2026-04-18T14:01:08","guid":{"rendered":"https:\/\/witte-zeltverleih.de\/index.php\/materialis-pro\/"},"modified":"2026-04-25T12:52:24","modified_gmt":"2026-04-25T10:52:24","slug":"materialis-pro","status":"publish","type":"page","link":"https:\/\/witte-zeltverleih.de\/","title":{"rendered":"Front Page"},"content":{"rendered":"<div  id=\"overlappable-8\" style=\"background-color: #f5fafd;\" data-label=\"Overlappable\" data-id=\"overlappable-5-materialis\" data-export-id=\"overlappable-5-materialis\" data-category=\"overlappable\" class=\"overlappable-5-materialis content-section content-section-spacing-large\" data-overlap=\"true\"><div  class=\"gridContainer\"> <div  data-type=\"row\" class=\"row spaced-cols \"><div  class=\"col-xs-12 col-sm-6 col-md-4 \"> <div  class=\"card mdc-elevation--z3 row-card\"><div  class=\"row\"> <div  class=\"col-xs-12 col-sm-fit icon-col\" data-fixed=\"true\"><i  class=\"color1 icon mdi mdi-azure reverse round big\"><\/i><\/div> <div  class=\"col-xs-12 col-sm\" data-type=\"column\"><h4  class=\"color-black\">Partyzelte<\/h4> <p  class=\"\">Partyzelte in verschiednen Gr\u00f6\u00dfen\n<br >\n4x6m\n<br >\n5x8m\n<br >\n6x12m<\/p><\/div> <\/div><\/div> <\/div> <div  class=\"col-xs-12 col-sm-6 col-md-4 \"> <div  class=\"card mdc-elevation--z3 row-card\"> <div  class=\"row\"> <div  class=\"col-xs-12 col-sm-fit icon-col\" data-fixed=\"true\"> <i  class=\"color1 icon mdi mdi-vector-square reverse round big\"><\/i><\/div> <div  class=\"col-xs-12 col-sm\" data-type=\"column\"><h4  class=\"color-black\">Bierzeltgarnituren<\/h4> <p  class=\"\">Bierzeltgarnituren f\u00fcr Ihre Veranstaltungen\n<br >\nTisch 70x220cm + 2 B\u00e4nke f\u00fcr ca. 8 Perosnen<\/p><\/div> <\/div><\/div> <\/div> <div  class=\"col-xs-12 col-sm-6 col-md-4 \"> <div  class=\"card mdc-elevation--z3 row-card\"> <div  class=\"row\"> <div  class=\"col-xs-12 col-sm-fit icon-col\" data-fixed=\"true\"> <i  class=\"color1 icon mdi mdi-arrange-bring-forward reverse round big\"><\/i><\/div> <div  class=\"col-xs-12 col-sm\" data-type=\"column\"><h4  class=\"color-black\">Weiteres Zubeh\u00f6r<\/h4> <p  class=\"\">Heizkanone\n<br >Beleuchtung\n<br >\nPartyboxen\n<br >Partylicht<\/p><\/div> <\/div><\/div> <\/div><\/div> <\/div><\/div><div  id=\"about-6\" style=\"background-color: #f5fafd;\" data-label=\"About\" data-id=\"about-4\" data-export-id=\"about-4\" data-category=\"about\" class=\"about-4 content-section content-section-spacing-large\"><div  class=\"gridContainer\"> <div  class=\"row middle-sm text-center\"><div  class=\"col-sm-5 space-bottom-xs\" data-type=\"column\"> <h5  class=\"\">Witte Zelt- und Eventverleih<\/h5> <h2  class=\"\">Partyzelte &amp; Eventausstattung<br > <span  style=\"font-family: Playfair Display,sans-serif; font-weight: 700; font-style: italic;\" href=\"#\">in Westerkappeln<\/span> \n<br >und Umgebung<\/h2> <p  class=\"\">Sie planen eine Feier im Garten, eine Hochzeit oder ein Vereinsfest?<br >Mit unseren hochwertigen Partyzelten und Eventartikeln wird Ihre Veranstaltung wetterunabh\u00e4ngig und stressfrei.<br >.<br >Wir bieten Ihnen stabile Partyzelte sowie passendes Zubeh\u00f6r \u2013 auf Wunsch inklusive Lieferung, Aufbau und Abbau.\n<br ><br >  Partyzelte in verschiedenen Gr\u00f6\u00dfen (z.B. 12\u00d76 m, 8x5m und 6\u00d74 m)\n<br >Bierzeltgarnituren und weiteres Zubeh\u00f6r.<\/p> <a  class=\"button big color1 mdc-ripple-upgraded\" href=\"https:\/\/wa.me\/+4917680857885\" target=\"_self\" data-cp-link=\"1\">WhatsApp \u2013 Jetzt anfragen!<\/a><\/div> <div  class=\"col-sm-7 flexbox center-xs middle-xs image-group-2-img padding-top-bottom\"> <img  decoding=\"async\" class=\"img-1 rounded mdc-elevation--z17\" data-size=\"250x200\" src=\"https:\/\/witte-zeltverleih.de\/wp-content\/uploads\/2025\/08\/cropped-ChatGPT-Image-21.-Aug.-2025-18_24_12.jpg\"> <img  decoding=\"async\" class=\"img-2 rounded mdc-elevation--z17\" data-size=\"220x170\" src=\"https:\/\/witte-zeltverleih.de\/wp-content\/uploads\/2025\/08\/cropped-ChatGPT-Image-21.-Aug.-2025-18_24_09.png\"><\/div> <\/div><\/div> <\/div><div  id=\"contact-1\" data-label=\"Contact\" data-id=\"contact-1\" data-export-id=\"contact-1\" data-category=\"contact\" class=\"contact-1 content-section content-section-spacing-large content-relative white-text\" data-parallax-depth=\"20\"><div  class=\"gridContainer\"> <div  class=\"row text-center\"><div  class=\"section-title-col\" data-type=\"column\"> <h2  class=\"\">Kontakt<\/h2> <p  class=\"lead\"><\/p><\/div> <\/div> <div  class=\"row text-center\"> <div  class=\"col-xs-12 col-sm-8 col-sm-offset-2 contact-form-wrapper inline-info\"> <div  class=\"card mdc-elevation--z3 col-padding-top\"> <div  class=\"dark-text\" data-content-shortcode=\"materialis_contact_form shortcode=&quot;contact-form-7 id=&amp;amp;quot;e080a73&amp;amp;quot; title=&amp;amp;quot;Kontaktformular 1&amp;amp;quot;&quot;\" data-editable=\"true\">\n<div class=\"wpcf7 no-js\" id=\"wpcf7-f173-o1\" lang=\"de-DE\" dir=\"ltr\" data-wpcf7-id=\"173\">\n<div class=\"screen-reader-response\"><p role=\"status\" aria-live=\"polite\" aria-atomic=\"true\"><\/p> <ul><\/ul><\/div>\n<form action=\"\/index.php\/wp-json\/wp\/v2\/pages\/3863#wpcf7-f173-o1\" method=\"post\" class=\"wpcf7-form init\" aria-label=\"Kontaktformular\" novalidate=\"novalidate\" data-status=\"init\">\n<fieldset class=\"hidden-fields-container\"><input type=\"hidden\" name=\"_wpcf7\" value=\"173\" \/><input type=\"hidden\" name=\"_wpcf7_version\" value=\"6.1.5\" \/><input type=\"hidden\" name=\"_wpcf7_locale\" value=\"de_DE\" \/><input type=\"hidden\" name=\"_wpcf7_unit_tag\" value=\"wpcf7-f173-o1\" \/><input type=\"hidden\" name=\"_wpcf7_container_post\" value=\"0\" \/><input type=\"hidden\" name=\"_wpcf7_posted_data_hash\" value=\"\" \/>\n<\/fieldset>\n<p><label> Dein Name<br \/>\n<span class=\"wpcf7-form-control-wrap\" data-name=\"your-name\"><input size=\"40\" maxlength=\"400\" class=\"wpcf7-form-control wpcf7-text wpcf7-validates-as-required\" autocomplete=\"name\" aria-required=\"true\" aria-invalid=\"false\" value=\"\" type=\"text\" name=\"your-name\" \/><\/span> <\/label>\n<\/p>\n<p><label> Deine E-Mail-Adresse<br \/>\n<span class=\"wpcf7-form-control-wrap\" data-name=\"your-email\"><input size=\"40\" maxlength=\"400\" class=\"wpcf7-form-control wpcf7-email wpcf7-validates-as-required wpcf7-text wpcf7-validates-as-email\" autocomplete=\"email\" aria-required=\"true\" aria-invalid=\"false\" value=\"\" type=\"email\" name=\"your-email\" \/><\/span> <\/label>\n<\/p>\n<p><label> Betreff<br \/>\n<span class=\"wpcf7-form-control-wrap\" data-name=\"your-subject\"><input size=\"40\" maxlength=\"400\" class=\"wpcf7-form-control wpcf7-text wpcf7-validates-as-required\" aria-required=\"true\" aria-invalid=\"false\" value=\"\" type=\"text\" name=\"your-subject\" \/><\/span> <\/label>\n<\/p>\n<p><label> Deine Nachricht (optional)<br \/>\n<span class=\"wpcf7-form-control-wrap\" data-name=\"your-message\"><textarea cols=\"40\" rows=\"10\" maxlength=\"2000\" class=\"wpcf7-form-control wpcf7-textarea\" aria-invalid=\"false\" name=\"your-message\"><\/textarea><\/span> <\/label>\n<\/p>\n<p><input class=\"wpcf7-form-control wpcf7-submit has-spinner\" type=\"submit\" value=\"Senden\" \/>\n<\/p><div class=\"wpcf7-response-output\" aria-hidden=\"true\"><\/div>\n<\/form>\n<\/div>\n<\/div><\/div> <\/div><\/div> <\/div><\/div>","protected":false},"excerpt":{"rendered":"","protected":false},"author":1,"featured_media":0,"parent":0,"menu_order":0,"comment_status":"closed","ping_status":"closed","template":"page-templates\/homepage.php","meta":{"footnotes":""},"class_list":["post-3863","page","type-page","status-publish","hentry"],"_links":{"self":[{"href":"https:\/\/witte-zeltverleih.de\/index.php\/wp-json\/wp\/v2\/pages\/3863","targetHints":{"allow":["GET"]}}],"collection":[{"href":"https:\/\/witte-zeltverleih.de\/index.php\/wp-json\/wp\/v2\/pages"}],"about":[{"href":"https:\/\/witte-zeltverleih.de\/index.php\/wp-json\/wp\/v2\/types\/page"}],"author":[{"embeddable":true,"href":"https:\/\/witte-zeltverleih.de\/index.php\/wp-json\/wp\/v2\/users\/1"}],"replies":[{"embeddable":true,"href":"https:\/\/witte-zeltverleih.de\/index.php\/wp-json\/wp\/v2\/comments?post=3863"}],"version-history":[{"count":7,"href":"https:\/\/witte-zeltverleih.de\/index.php\/wp-json\/wp\/v2\/pages\/3863\/revisions"}],"predecessor-version":[{"id":3893,"href":"https:\/\/witte-zeltverleih.de\/index.php\/wp-json\/wp\/v2\/pages\/3863\/revisions\/3893"}],"wp:attachment":[{"href":"https:\/\/witte-zeltverleih.de\/index.php\/wp-json\/wp\/v2\/media?parent=3863"}],"curies":[{"name":"wp","href":"https:\/\/api.w.org\/{rel}","templated":true}]}}